{"id":36,"date":"2019-11-11T16:30:17","date_gmt":"2019-11-11T15:30:17","guid":{"rendered":"https:\/\/www.pladigmare.es\/?page_id=36"},"modified":"2019-11-11T16:30:17","modified_gmt":"2019-11-11T15:30:17","slug":"asociate","status":"publish","type":"page","link":"https:\/\/electrocamas.com\/index.php\/asociate\/","title":{"rendered":"As\u00f3ciate"},"content":{"rendered":"\n<p>Si quieres unirte a PLADIGMARE para defender el bienestar y la dignidad de los mayores en las residencias ubicadas en la <strong>Comunidad de Madrid<\/strong>*, \u00a1te damos la bienvenida! Las competencias sobre residencias son de las Comunidades Aut\u00f3nomas y nuestro \u00e1mbito de actuaci\u00f3n es la Comunidad de Madrid.<\/p>\n\n\n\n<p>La cuota de inscripci\u00f3n es de 24 \u20ac anuales (a\u00f1o natural)<\/p>\n\n\n\n<p>Qu\u00e9 debes hacer:<\/p>\n\n\n\n<ol><li>Rellena el siguiente <strong>formulario<\/strong>.<\/li><li>Realiza la <strong>transferencia<\/strong> por el importe de la cuota con los datos bancarios que te enviaremos tras verificar el cuestionario recibido.<\/li><li>Cuando recibamos la notificaci\u00f3n bancaria del abono de tu transferencia, completaremos el proceso envi\u00e1ndote n\u00famero de socio y Estatutos.<\/li><\/ol>\n\n\n\n<p><\/p>\n\n\n\n\n\n<p> <\/p>\n\n\n\n<p>De conformidad con lo establecido en el Art. 5 de la Ley Org\u00e1nica 15\/1999, y sus reformas incluyendo&nbsp;el Reglamento europeo LOPD 2018, aplicable desde el 25 de Mayo de 2018, sus datos se incorporar\u00e1n a un fichero de la&nbsp;<strong>ASOCIACI\u00d3N PLATAFORMA POR LA DIGNIDAD DE LAS PERSONAS MAYORES EN LAS RESIDENCIAS (PLADIGMARE)<\/strong> y ser\u00e1n tratados de manera confidencial y para uso exclusivo de la Asociaci\u00f3n. En ning\u00fan caso la Asociaci\u00f3n har\u00e1 p\u00fablico sus datos ni los traspasar\u00e1 a otros.<\/p>\n\n\n\n<p><strong>En cualquier momento<\/strong>, puede acceder, rectificar, o cancelar sus datos mediante un escrito dirigido a la Asociaci\u00f3n. Igualmente, en cualquier momento podr\u00e1 revocar el consentimiento otorgado para el tratamiento de datos personales.<\/p>\n","protected":false},"excerpt":{"rendered":"<p>Si quieres unirte a PLADIGMARE para defender el bienestar y la dignidad de los mayores en las residencias ubicadas en la Comunidad de Madrid*, \u00a1te damos la bienvenida! Las competencias sobre residencias son de las Comunidades Aut\u00f3nomas y nuestro \u00e1mbito de actuaci\u00f3n es la Comunidad de Madrid. La cuota de inscripci\u00f3n es de 24 \u20ac [&hellip;]<\/p>\n","protected":false},"author":1,"featured_media":0,"parent":0,"menu_order":0,"comment_status":"closed","ping_status":"closed","template":"","meta":{"footnotes":""},"_links":{"self":[{"href":"https:\/\/electrocamas.com\/index.php\/wp-json\/wp\/v2\/pages\/36"}],"collection":[{"href":"https:\/\/electrocamas.com\/index.php\/wp-json\/wp\/v2\/pages"}],"about":[{"href":"https:\/\/electrocamas.com\/index.php\/wp-json\/wp\/v2\/types\/page"}],"author":[{"embeddable":true,"href":"https:\/\/electrocamas.com\/index.php\/wp-json\/wp\/v2\/users\/1"}],"replies":[{"embeddable":true,"href":"https:\/\/electrocamas.com\/index.php\/wp-json\/wp\/v2\/comments?post=36"}],"version-history":[{"count":0,"href":"https:\/\/electrocamas.com\/index.php\/wp-json\/wp\/v2\/pages\/36\/revisions"}],"wp:attachment":[{"href":"https:\/\/electrocamas.com\/index.php\/wp-json\/wp\/v2\/media?parent=36"}],"curies":[{"name":"wp","href":"https:\/\/api.w.org\/{rel}","templated":true}]}}