{"id":2469,"date":"2021-07-02T19:15:56","date_gmt":"2021-07-02T17:15:56","guid":{"rendered":"https:\/\/www.pladigmare.es\/?page_id=2469"},"modified":"2024-07-13T08:54:00","modified_gmt":"2024-07-13T08:54:00","slug":"inicio","status":"publish","type":"page","link":"https:\/\/electrocamas.com\/","title":{"rendered":"Inicio"},"content":{"rendered":"\n<h1 class=\"wp-block-heading has-text-align-center aparecer-scroll\">Novedades<\/h1>\n\n\n\n<div class=\"wp-block-group is-nowrap is-layout-flex wp-container-core-group-is-layout-1 wp-block-group-is-layout-flex\">\n\n<ul style=\"margin-top:10px;margin-bottom:10px;margin-left:var(--wp--preset--spacing--20);margin-right:var(--wp--preset--spacing--20);\" class=\"wp-block-latest-posts__list is-grid columns-3 wp-block-latest-posts\"><li><div class=\"wp-block-latest-posts__featured-image aligncenter\"><img loading=\"lazy\" decoding=\"async\" width=\"600\" height=\"338\" src=\"https:\/\/electrocamas.com\/wp-content\/uploads\/2024\/04\/pladigmare_subtitulado600w.webp\" class=\"attachment-large size-large wp-post-image\" alt=\"\" style=\"max-width:256px;max-height:256px;\" \/><\/div><a class=\"wp-block-latest-posts__post-title\" href=\"https:\/\/electrocamas.com\/index.php\/2024\/04\/21\/ab\/\">AB<\/a><div class=\"wp-block-latest-posts__post-excerpt\">Titulo de cada parte Lorem ipsum dolor sit amet, consectetur adipiscing elit, sed do eiusmod tempor incididunt ut labore et dolore magna aliqua&#8230; m\u00e1s info&#8230; Sed ut perspiciatis unde omnis iste natus error sit voluptatem accusantium doloremque laudantium, totam rem aperiam, eaque ipsa quae ab illo inventore veritatis et quasi architecto beatae vitae dicta sunt\u2026 <a href=\"https:\/\/electrocamas.com\/index.php\/2024\/04\/21\/ab\/\" rel=\"noopener noreferrer\">Leer m\u00e1s<span class=\"screen-reader-text\">: AB<\/span><\/a><\/div><\/li>\n<li><div class=\"wp-block-latest-posts__featured-image aligncenter\"><img loading=\"lazy\" decoding=\"async\" width=\"600\" height=\"338\" src=\"https:\/\/electrocamas.com\/wp-content\/uploads\/2024\/04\/latiendamiga-600w.webp\" class=\"attachment-large size-large wp-post-image\" alt=\"\" style=\"max-width:256px;max-height:256px;\" \/><\/div><a class=\"wp-block-latest-posts__post-title\" href=\"https:\/\/electrocamas.com\/index.php\/2024\/04\/21\/entrada-07\/\">entrada 07<\/a><div class=\"wp-block-latest-posts__post-excerpt\">https:\/\/latiendamiga.com<\/div><\/li>\n<li><div class=\"wp-block-latest-posts__featured-image aligncenter\"><img loading=\"lazy\" decoding=\"async\" width=\"600\" height=\"338\" src=\"https:\/\/electrocamas.com\/wp-content\/uploads\/2024\/04\/latiendamiga-600w-1.webp\" class=\"attachment-large size-large wp-post-image\" alt=\"\" style=\"max-width:256px;max-height:256px;\" \/><\/div><a class=\"wp-block-latest-posts__post-title\" href=\"https:\/\/electrocamas.com\/index.php\/2024\/04\/20\/personas-mayores-en-una-lista-de-espera-que-les-hace-invisibles-les-llega-antes-la-muerte-que-la-ayuda-con-su-dependencia\/\">Personas mayores en una lista de espera que les hace invisibles, les llega antes la muerte que la ayuda con su dependencia.<\/a><div class=\"wp-block-latest-posts__post-excerpt\">https:\/\/elpais.com\/sociedad\/2024-04-20\/la-amarga-victoria-de-dos-amigas-cuyas-madres-murieron-esperando-tramites-de-la-ley-de-dependencia.html#<\/div><\/li>\n<li><div class=\"wp-block-latest-posts__featured-image aligncenter\"><img loading=\"lazy\" decoding=\"async\" width=\"600\" height=\"338\" src=\"https:\/\/electrocamas.com\/wp-content\/uploads\/2024\/04\/latiendamiga-600w.webp\" class=\"attachment-large size-large wp-post-image\" alt=\"\" style=\"max-width:256px;max-height:256px;\" \/><\/div><a class=\"wp-block-latest-posts__post-title\" href=\"https:\/\/electrocamas.com\/index.php\/2024\/04\/20\/donde-deja-la-dignidad-de-los-residentes-la-respuesta-del-centro-si-solo-fueron-tocamientos-no-pasa-nada-la-persona-denunciada-sigue-con-total-libertad-de-movimientos\/\">\u00bfDonde deja la dignidad de los residentes la respuesta del centro \u00absi solo fueron tocamientos no pasa nada\u00bb? La persona denunciada sigue con total libertad de movimientos.\u00a0\u00a0<\/a><div class=\"wp-block-latest-posts__post-excerpt\">https:\/\/www.65ymas.com\/sociedad\/mujer-con-alzheimer-otra-posible-victima-celador-residencia-acusado-agresion-sexual_59382_102.html<\/div><\/li>\n<li><div class=\"wp-block-latest-posts__featured-image aligncenter\"><img loading=\"lazy\" decoding=\"async\" width=\"600\" height=\"338\" src=\"https:\/\/electrocamas.com\/wp-content\/uploads\/2024\/04\/latiendamiga-600w-1.webp\" class=\"attachment-large size-large wp-post-image\" alt=\"\" style=\"max-width:256px;max-height:256px;\" \/><\/div><a class=\"wp-block-latest-posts__post-title\" href=\"https:\/\/electrocamas.com\/index.php\/2024\/04\/19\/platos-crudos-y-desnutricion-la-empresa-de-comida-podrida-sigue-en-la-residencia-francisco-de-vitoria\/\">Platos crudos y desnutrici\u00f3n: la empresa de comida podrida sigue en la residencia Francisco de Vitoria<\/a><div class=\"wp-block-latest-posts__post-excerpt\">https:\/\/www.elplural.com\/politica\/platos-crudos-desnutricion-empresa-podrida-residencia-francisco-vitoria_328416102<\/div><\/li>\n<li><div class=\"wp-block-latest-posts__featured-image aligncenter\"><img loading=\"lazy\" decoding=\"async\" width=\"600\" height=\"338\" src=\"https:\/\/electrocamas.com\/wp-content\/uploads\/2024\/04\/latiendamiga-600w-1.webp\" class=\"attachment-large size-large wp-post-image\" alt=\"\" style=\"max-width:256px;max-height:256px;\" \/><\/div><a class=\"wp-block-latest-posts__post-title\" href=\"https:\/\/electrocamas.com\/index.php\/2024\/04\/13\/presentan-una-queja-contra-el-gobierno-de-ayuso-por-ignorar-las-condiciones-legales-en-residencias-privadas\/\">Presentan una queja contra el Gobierno de Ayuso por \u00abignorar\u00bb las condiciones legales en residencias privadas<\/a><div class=\"wp-block-latest-posts__post-excerpt\">La Aspciaci\u00f3n Pladigmare ha interpuesto una queja ante el Defensor del Pueblo https:\/\/www.elplural.com\/autonomias\/presentan-queja-contra-gobierno-ayuso-ignorar-condiciones-legales-residencias-privadas_328108102<\/div><\/li>\n<li><div class=\"wp-block-latest-posts__featured-image aligncenter\"><img loading=\"lazy\" decoding=\"async\" width=\"600\" height=\"338\" src=\"https:\/\/electrocamas.com\/wp-content\/uploads\/2024\/04\/latiendamiga-600w-1.webp\" class=\"attachment-large size-large wp-post-image\" alt=\"\" style=\"max-width:256px;max-height:256px;\" \/><\/div><a class=\"wp-block-latest-posts__post-title\" href=\"https:\/\/electrocamas.com\/index.php\/2024\/04\/13\/es-una-cuestion-de-dinero-el-negocio-primero-donde-quedan-los-minimos-cuidados-y-la-dignidad-de-las-personas-mayores-que-viven-en-esta-residencia\/\">Es una cuesti\u00f3n de dinero, el negocio primero. \u00bfDonde quedan los m\u00ednimos cuidados y la dignidad de las personas mayores que viven en esta residencia?<\/a><div class=\"wp-block-latest-posts__post-excerpt\">https:\/\/www.eldiario.es\/illes-balears\/sociedad\/graves-irregularidades-residencia-fondo-inversion-salen-baratas-multa-24-000-euros_1_11279962.html<\/div><\/li>\n<li><div class=\"wp-block-latest-posts__featured-image aligncenter\"><img loading=\"lazy\" decoding=\"async\" width=\"600\" height=\"338\" src=\"https:\/\/electrocamas.com\/wp-content\/uploads\/2024\/04\/latiendamiga-600w-1.webp\" class=\"attachment-large size-large wp-post-image\" alt=\"\" style=\"max-width:256px;max-height:256px;\" \/><\/div><a class=\"wp-block-latest-posts__post-title\" href=\"https:\/\/electrocamas.com\/index.php\/2024\/04\/12\/nota-de-prensa-de-pladigmare-queja-al-defensor-del-pueblo\/\">Nota de prensa de Pladigmare: \u00abQueja al defensor del pueblo\u00bb<\/a><div class=\"wp-block-latest-posts__post-excerpt\"><\/div><\/li>\n<li><div class=\"wp-block-latest-posts__featured-image aligncenter\"><img loading=\"lazy\" decoding=\"async\" width=\"600\" height=\"338\" src=\"https:\/\/electrocamas.com\/wp-content\/uploads\/2024\/04\/latiendamiga-600w-1.webp\" class=\"attachment-large size-large wp-post-image\" alt=\"\" style=\"max-width:256px;max-height:256px;\" \/><\/div><a class=\"wp-block-latest-posts__post-title\" href=\"https:\/\/electrocamas.com\/index.php\/2024\/04\/12\/los-familiares-de-fallecidos-en-residencias-durante-la-pandemia-piden-una-investigacion-no-hemos-cerrado-el-duelo\/\">Los familiares de fallecidos en residencias durante la pandemia piden una investigaci\u00f3n: \u201cNo hemos cerrado el duelo\u201d<\/a><div class=\"wp-block-latest-posts__post-excerpt\">https:\/\/elpais.com\/sociedad\/2024-04-10\/los-familiares-de-fallecidos-en-la-pandemia-en-residencias-piden-una-investigacion-no-hemos-cerrado-el-duelo.html<\/div><\/li>\n<\/ul><\/div>\n\n\n\n<h1 class=\"wp-block-heading has-text-align-center aparecer-scroll\">Redes Sociales<\/h1>\n\n\n\n<div class=\"wp-block-columns is-layout-flex wp-container-core-columns-is-layout-1 wp-block-columns-is-layout-flex\">\n<div class=\"wp-block-column is-layout-flow wp-block-column-is-layout-flow\">\n<iframe loading=\"lazy\" src=\"https:\/\/www.facebook.com\/plugins\/page.php?href=https%3A%2F%2Fwww.facebook.com%2FPladigmare-109192934369380&amp;tabs=timeline&amp;width=420&amp;height=500&amp;small_header=false&amp;adapt_container_width=true&amp;hide_cover=true&amp;show_facepile=true&amp;appId=113666455342160\" width=\"420\" height=\"500\" style=\"border:none;overflow:hidden\" scrolling=\"no\" frameborder=\"0\" allowfullscreen=\"true\" allow=\"autoplay; clipboard-write; encrypted-media; picture-in-picture; web-share\"><\/iframe>\n<\/div>\n\n\n\n<div class=\"wp-block-column aparecer-scroll is-layout-flow wp-block-column-is-layout-flow\">\n<a class=\"twitter-timeline\"\n  href=\"https:\/\/twitter.com\/ferogato01\"\n  data-width=\"300\"\n  data-height=\"300\">\nTweets by @TwitterDev\n<\/a>\n<\/div>\n<\/div>\n\n\n\n<ul>\n<li><\/li>\n<\/ul>\n\n\n\n[embedyt] https:\/\/www.youtube.com\/embed?listType=playlist&amp;list=UUUuv8RL27jUPHMXCgWn9eFA&amp;layout=gallery[\/embedyt]\n\n\n\n[smartslider3 slider=\u00bb3&#8243;]\n\n\n\n<h1 class=\"wp-block-heading has-text-align-center aparecer-scroll\" id=\"quienes-somos\">Qui\u00e9nes somos<\/h1>\n\n\n\n<p class=\"aparecer-scroll\"><strong>PLADIGMARE<\/strong>, <span class=\"has-inline-color has-vivid-red-color\"><strong>Pla<\/strong><\/span>taforma por la <strong><span class=\"has-inline-color has-vivid-red-color\">Dig<\/span><\/strong>nidad de las Personas <strong><span class=\"has-inline-color has-vivid-red-color\">Ma<\/span><\/strong>yores en <strong><span class=\"has-inline-color has-vivid-red-color\">Re<\/span><\/strong>sidencias, la formamos familiares, residentes y trabajadores de residencias de mayores de la Comunidad de Madrid<sup><a class=\"smooth-scroll\" href=\"#qs-ambito\">1<\/a><\/sup>, aunque colaboramos con asociaciones y agrupaciones de otros lugares de Espa\u00f1a.<\/p>\n\n\n\n<p>Familiares, residentes y trabajadores, constatamos m\u00faltiples deficiencias en las residencias, que dejan de tener un car\u00e1cter de excepcionalidad cuando salen a la luz y comprobamos que son mucho m\u00e1s generalizadas de lo deseable. Quienes hemos pasado por la experiencia de tener un familiar en una residencia, sabemos de los esfuerzos de sus responsables para que estas deficiencias no trasciendan.<\/p>\n\n\n\n<h2 class=\"wp-block-heading has-text-align-center\">PLADIGMARE surge por la desprotecci\u00f3n en que se encuentran nuestros mayores,<br>en defensa de los mismos y de su dignidad.<\/h2>\n\n\n\n<p>Hartos del ninguneo de las instituciones a las denuncias de trabajadores y reclamaciones de familiares (a las que la Comunidad de Madrid o no responde o lo hace negando la mayor), surge PLADIGMARE<sup><a class=\"smooth-scroll\" href=\"#qs-inscripcion-registro\">2<\/a><\/sup>: para denunciar y combatir estas situaciones, para que la consideraci\u00f3n de servicio social, que tiene la atenci\u00f3n a las personas mayores que ya no pueden valerse por s\u00ed mismas, no sea sustituida por la <a class=\"smooth-scroll\" href=\"#negocio-y-personas\">idea de negocio<\/a> y para hacer realidad lo que se establece en la Constituci\u00f3n:<\/p>\n\n\n\n<blockquote class=\"wp-block-quote is-layout-flow wp-block-quote-is-layout-flow\">\n<p>Los poderes p\u00fablicos garantizar\u00e1n, mediante pensiones adecuadas y peri\u00f3dicamente actualizadas, la su\ufb01ciencia econ\u00f3mica a los ciudadanos durante la tercera edad. Asimismo, y con independencia de las obligaciones familiares, promover\u00e1n su bienestar mediante un sistema de servicios sociales que atender\u00e1n sus problemas espec\u00ed\ufb01cos de salud, vivienda, cultura y ocio.<\/p>\n<cite>Art\u00edculo 50. Constituci\u00f3n Espa\u00f1ola.<\/cite><\/blockquote>\n\n\n\n<p>Impulsamos y ayudamos a la <strong><a class=\"smooth-scroll\" href=\"#auto-organizacion\">auto-organizaci\u00f3n<\/a><\/strong> de los colectivos afectados. Para ello, resulta imprescindible asociarse a PLADIGMARE: para conocer normativas, influir en las administraciones, tener una visi\u00f3n de conjunto y elaborar alternativas colectivas a lo que son, en muchas ocasiones, problemas comunes. <\/p>\n\n\n\n<p>Hoy m\u00e1s que nunca es necesaria la \u00e9tica, la concienciaci\u00f3n y establecer un l\u00edmite al silencio que no permita el atropello a los derechos y dignidad de los mayores que en la actualidad est\u00e1 tomando el cariz de maltrato institucional<sup><a class=\"smooth-scroll\" href=\"#qs-maltrato-institucional\">3<\/a><\/sup>.<\/p>\n\n\n\n<p>La dignidad de quienes nos defendieron y dieron todo por nosotros, merece que familiares y trabajadores pongamos freno a tanto atropello a sus derechos. Nuestro futuro s\u00f3lo ser\u00e1 digno si somos capaces hoy de defender los derechos de las personas mayores.<\/p>\n\n\n\n<hr class=\"wp-block-separator has-css-opacity\"\/>\n\n\n\n<p class=\"has-small-font-size\" id=\"qs-ambito\"><sup>1 <\/sup>Nuestro \u00e1mbito actual se circunscribe a la Comunidad de Madrid. Las competencias sobre la materia son mayoritariamente de las Comunidades Aut\u00f3nomas.<\/p>\n\n\n\n<p class=\"has-small-font-size\" id=\"qs-inscripcion-registro\"><sup>2 <\/sup>Con fecha 10 de enero de 2017, se inscribe en el Registro de Asociaciones de la Comunidad de Madrid, Secci\u00f3n 1\u00aa, con el n\u00ba 37138, la Asociaci\u00f3n Plataforma por la Dignidad de las Personas Mayores en las Residencias (PLADIGMARE). Antes de esa fecha, el 1 de marzo de 2016, comenzamos nuestra andadura como plataforma con el objetivo com\u00fan de la difusi\u00f3n y sensibilizaci\u00f3n social en la defensa de la dignidad de nuestros mayores en las residencias.<\/p>\n\n\n\n<p class=\"has-small-font-size\" id=\"qs-maltrato-institucional\"><sup>3<\/sup> Maltrato institucional: \u201cCualquier legislaci\u00f3n, programa, procedimiento, actuaci\u00f3n u omisi\u00f3n procedente de los poderes p\u00fablicos o privados, o derivados de la actuaci\u00f3n individual del profesional de estos que conlleve abuso, negligencia o detrimento de salud, de la seguridad, del estado emocional o del estado de bienestar f\u00edsico, o que los derechos de las personas mayores no sean respetados.\u201d<\/p>\n\n\n\n<div class=\"wp-block-genesis-blocks-gb-accordion gb-block-accordion\"><details><summary class=\"gb-accordion-title\">Detectamos m\u00faltiples deficiencias en las residencias<\/summary><div class=\"gb-accordion-text\">\n\n<p>Presidiendo el listado est\u00e1 la <strong>insuficiencia de personal<\/strong>. Se traduce en:<\/p>\n\n\n<ul><li>Colas para poder utilizar el aseo.<\/li><li>Instrucciones para que hagan sus necesidades en los pa\u00f1ales, que \u201cpara eso los llevan\u201d, les dicen.<\/li><li>Descontrol en la medicaci\u00f3n pautada.<\/li><li>Uso excesivo de sujeciones<\/li><li>Extrav\u00edo de prendas y pr\u00f3tesis de todo tipo.<\/li><li>Insuficiente atenci\u00f3n para dar de comer a los que no se pueden valer por s\u00ed mismos.<\/li><li>Descontrol e incumplimiento de los cambios posturales de los encamados, que ingresan en los hospitales desnutridos y con \u00falceras en las extremidades inferiores por presi\u00f3n.<\/li><li>Imposibilidad de sacar a los residentes sin autonom\u00eda en su movilidad a pasear por los patios y jardines interiores.<\/li><li>Lamentable estado, a veces, de las instalaciones: mal funcionamiento del aire acondicionado en verano y de la calefacci\u00f3n en invierno, vajillas descascarilladas, paredes y techos deteriorados, baberos en mal estado\u2026<\/li><li>Incumplimiento de la necesaria atenci\u00f3n individualizada.<\/li><li>R\u00e9gimen alimenticio sin la diferenciaci\u00f3n que requieren las situaciones particulares de muchos de los residentes.<\/li><\/ul>\n\n<\/div><\/details><\/div>\n\n\n\n<div class=\"wp-block-genesis-blocks-gb-accordion gb-block-accordion\"><details><summary class=\"gb-accordion-title\">El 86% de las residencias y el 79% de las plazas est\u00e1n en manos privadas<\/summary><div class=\"gb-accordion-text\">\n\n<p>En la Comunidad de Madrid, seg\u00fan los propios datos aportados por la Secretar\u00eda General T\u00e9cnica de la Consejer\u00eda de Pol\u00edticas Sociales, Familias, Igualdad y Natalidad a octubre de 2020, existen 475 residencias de ancianos, de las cuales s\u00f3lo 65 son p\u00fablicas, que ofrecen un total de 52.031 plazas, de las cuales s\u00f3lo 10.622 son p\u00fablicas. Es decir, m\u00e1s del 86% de las residencias y del 79% de las plazas est\u00e1n en manos privadas y s\u00f3lo el 14% de las residencias y el 21% de las plazas son de titularidad p\u00fablica.<\/p>\n\n\n<p>A esto se le a\u00f1ade que un porcentaje importante de las que son <strong>p\u00fablicas<\/strong> son <strong>gestionadas por empresas privadas<\/strong>, alcanz\u00e1ndose de esta manera un porcentaje del <strong>92% de residencias<\/strong> que est\u00e1n siendo <strong>gestionadas privadamente<\/strong>. As\u00ed, no podemos sino concluir que la gesti\u00f3n de la vida de los mayores tiene como principal caracter\u00edstica la idea de explotaci\u00f3n de un negocio. Y, dada la concentraci\u00f3n de la propiedad y la naturaleza de fondos de inversi\u00f3n y fondos buitres de quienes dominan el sector, <strong>se prioriza el beneficio empresarial <\/strong>en detrimento del bienestar de los residentes.<\/p>\n\n<\/div><\/details><\/div>\n\n\n\n<div style=\"height:0\" aria-hidden=\"true\" id=\"negocio-y-personas\" class=\"wp-block-spacer\"><\/div>\n\n\n\n<div class=\"wp-block-genesis-blocks-gb-accordion gb-block-accordion\"><details><summary class=\"gb-accordion-title\">No puede ser m\u00e1s importante el negocio que el bienestar de las personas mayores<\/summary><div class=\"gb-accordion-text\">\n\n<p>Si a la idea de explotaci\u00f3n de un negocio privado, que parece buscar fundamentalmente el beneficio econ\u00f3mico, a\u00f1adimos las <strong>pol\u00edticas de austeridad y recortes<\/strong> practicadas por los diferentes gobiernos (central y auton\u00f3mico), tenemos la explicaci\u00f3n de la situaci\u00f3n en que se encuentran los mayores en las residencias. Para que siga siendo negocio y para poder continuar recortando partidas que inciden directa e indirectamente en la calidad y dignidad de la vida de las personas mayores, resulta necesario que haya opacidad, <strong>falta de control y alienaci\u00f3n de todos los familiares<\/strong> de los residentes.<\/p>\n\n<\/div><\/details><\/div>\n\n\n\n<div class=\"wp-block-genesis-blocks-gb-accordion gb-block-accordion\"><details><summary class=\"gb-accordion-title\">Denuncias en los Juzgados<\/summary><div class=\"gb-accordion-text\">\n\n<p>S\u00f3lo en nuestro primer a\u00f1o y medio de existencia, que nosotros supi\u00e9ramos, se presentaron media docena de denuncias en los Juzgados: dos en Usera, una en Legan\u00e9s, dos en Alcorc\u00f3n y una en Arganda, que caus\u00f3 un aut\u00e9ntico esc\u00e1ndalo por la gravedad de las im\u00e1genes. Y eso, sin contar las centenares de quejas que no trascienden a la opini\u00f3n p\u00fablica.<\/p>\n\n\n<p>Si los trabajadores hablaran, como en Arganda, si los familiares contaran las situaciones que viven cotidianamente en la atenci\u00f3n de sus familiares residentes, si todos, unos y otros contaran todo lo que sucede en las residencias, se producir\u00eda en la sociedad una <strong>conmoci\u00f3n de magnitudes importantes<\/strong>.<\/p>\n\n<\/div><\/details><\/div>\n\n\n\n<div class=\"wp-block-genesis-blocks-gb-accordion gb-block-accordion\"><details><summary class=\"gb-accordion-title\">No existe control sobre la gesti\u00f3n<\/summary><div class=\"gb-accordion-text\">\n\n<p>Estamos hablando de vidas humanas y, en las residencias, no existe control sobre la gesti\u00f3n: ni por parte de los residentes, ni por parte de los familiares.&nbsp;<\/p>\n\n\n<p>En la Comunidad de Madrid, mediante la Orden 766 de 1993, se crearon los <strong>Consejos de Residentes<\/strong> para las residencias de titularidad p\u00fablica. Y en el a\u00f1o 2012, despu\u00e9s de una reclamaci\u00f3n sobre la inexistencia de este \u00f3rgano en la residencia de Usera, el Defensor del Pueblo oblig\u00f3 a la Comunidad (que se negaba a ello) a que se crearan \u00f3rganos de participaci\u00f3n de los residentes en todas las residencias de titularidad p\u00fablica, fueran de gesti\u00f3n p\u00fablica o de gesti\u00f3n privada y en todas aquellas que tuvieran alg\u00fan tipo de financiaci\u00f3n p\u00fablica, aunque fueran privadas.&nbsp;<\/p>\n\n\n<p>Se crearon los <strong>Consejos de Usuarios<\/strong>, aunque con menos competencias que los Consejos de Residentes, siendo ya pocas las de \u00e9stos. Y s\u00f3lo los familiares que tienen la tutela legal de los residentes incapacitados judicialmente, pueden participar en los mismos.<\/p>\n\n\n<p>Por tanto, pretendemos que se creen Consejos de Residentes o de Usuarios en todas las residencias. Y pretendemos que tengan m\u00e1s competencias y que puedan participar en ellos los familiares. A principios del a\u00f1o 2020, antes de que estallara la tr\u00e1gica pandemia, presentamos nuestra alternativa de participaci\u00f3n de los familiares en los Consejos de Residentes a la Consejer\u00eda de Pol\u00edticas Sociales, Familias, Igualdad y Natalidad; a la Directora General de Atenci\u00f3n al Mayor y la Dependencia y al Gerente de la Agencia Madrile\u00f1a de Atenci\u00f3n Social (AMAS). <\/p>\n\n<\/div><\/details><\/div>\n\n\n\n<div style=\"height:0\" aria-hidden=\"true\" id=\"auto-organizacion\" class=\"wp-block-spacer\"><\/div>\n\n\n\n<div class=\"wp-block-genesis-blocks-gb-accordion gb-block-accordion\"><details><summary class=\"gb-accordion-title\">Impulsamos la auto-organizaci\u00f3n de los colectivos afectados<\/summary><div class=\"gb-accordion-text\">\n\n<p>Los familiares deben ejercer el control, que no se quiere que haya, en las residencias. Como un primer paso hacia su soluci\u00f3n: hay que sacar a la luz los problemas.&nbsp;<\/p>\n\n\n<blockquote class=\"wp-block-quote is-layout-flow wp-block-quote-is-layout-flow\"><p><em>Porque todos somos hijos y fueron nuestros mayores los que hicieron lo mejor por nosotros,&nbsp;los que tuvieron mil ojos para cuidarnos,&nbsp;somos nosotros a quienes, ahora, nos toca hacer lo mismo para garantizar sus cuidados.<\/em><\/p><\/blockquote>\n\n\n<p>Hay que crear asociaciones o agrupaciones de familiares en todas y cada una de las residencias:<\/p>\n\n\n<ul><li>Para que se cumplan los contratos establecidos.<\/li><li>Para que no se escatime en dotar de todo lo que precisen las personas mayores: pa\u00f1ales, reposici\u00f3n de ropa extraviada, pr\u00f3tesis, etc.)<\/li><li>Para que se controle el gasto farmac\u00e9utico y la medicaci\u00f3n.<\/li><li>Para que no se nos siga enga\u00f1ando con las ratios de personal y que se adec\u00faen a la realidad actual: que se establezcan por turnos y por categor\u00edas.<\/li><li>Para que los responsables cumplan con sus obligaciones.<\/li><li>Para que se realicen los cambios legislativos necesarios, que se adapten a la realidad social actual.<\/li><\/ul>\n\n<\/div><\/details><\/div>\n\n\n\n<div style=\"height:20px\" aria-hidden=\"true\" class=\"wp-block-spacer\"><\/div>\n","protected":false},"excerpt":{"rendered":"<p>Novedades Redes Sociales Tweets by @TwitterDev [smartslider3 slider=\u00bb3&#8243;] Qui\u00e9nes somos PLADIGMARE, Plataforma por la Dignidad de las Personas Mayores en Residencias, la formamos familiares, residentes y trabajadores de residencias de mayores de la Comunidad de Madrid1, aunque colaboramos con asociaciones y agrupaciones de otros lugares de Espa\u00f1a. Familiares, residentes y trabajadores, constatamos m\u00faltiples deficiencias en [&hellip;]<\/p>\n","protected":false},"author":1,"featured_media":0,"parent":0,"menu_order":0,"comment_status":"closed","ping_status":"closed","template":"","meta":{"footnotes":""},"_links":{"self":[{"href":"https:\/\/electrocamas.com\/index.php\/wp-json\/wp\/v2\/pages\/2469"}],"collection":[{"href":"https:\/\/electrocamas.com\/index.php\/wp-json\/wp\/v2\/pages"}],"about":[{"href":"https:\/\/electrocamas.com\/index.php\/wp-json\/wp\/v2\/types\/page"}],"author":[{"embeddable":true,"href":"https:\/\/electrocamas.com\/index.php\/wp-json\/wp\/v2\/users\/1"}],"replies":[{"embeddable":true,"href":"https:\/\/electrocamas.com\/index.php\/wp-json\/wp\/v2\/comments?post=2469"}],"version-history":[{"count":15,"href":"https:\/\/electrocamas.com\/index.php\/wp-json\/wp\/v2\/pages\/2469\/revisions"}],"predecessor-version":[{"id":6791,"href":"https:\/\/electrocamas.com\/index.php\/wp-json\/wp\/v2\/pages\/2469\/revisions\/6791"}],"wp:attachment":[{"href":"https:\/\/electrocamas.com\/index.php\/wp-json\/wp\/v2\/media?parent=2469"}],"curies":[{"name":"wp","href":"https:\/\/api.w.org\/{rel}","templated":true}]}}